{"id":3718,"date":"2023-09-07T00:36:44","date_gmt":"2023-09-07T00:36:44","guid":{"rendered":"https:\/\/visani.com.mx\/?page_id=3718"},"modified":"2023-10-17T18:44:06","modified_gmt":"2023-10-17T18:44:06","slug":"aviso-de-privacidad","status":"publish","type":"page","link":"https:\/\/visani.com.mx\/en\/aviso-de-privacidad\/","title":{"rendered":"AVISO DE PRIVACIDAD"},"content":{"rendered":"<div data-elementor-type=\"wp-page\" data-elementor-id=\"3718\" class=\"elementor elementor-3718\">\n\t\t\t\t\t\t\t\t\t<section class=\"elementor-section elementor-top-section elementor-element elementor-element-7be7186a elementor-section-boxed elementor-section-height-default elementor-section-height-default wpr-particle-no wpr-jarallax-no wpr-parallax-no wpr-sticky-section-no\" data-id=\"7be7186a\" data-element_type=\"section\">\n\t\t\t\t\t\t<div class=\"elementor-container elementor-column-gap-default\">\n\t\t\t\t\t<div class=\"elementor-column elementor-col-100 elementor-top-column elementor-element elementor-element-1923bee\" data-id=\"1923bee\" data-element_type=\"column\">\n\t\t\t<div class=\"elementor-widget-wrap elementor-element-populated\">\n\t\t\t\t\t\t\t\t<div class=\"elementor-element elementor-element-23c12d69 elementor-widget elementor-widget-text-editor\" data-id=\"23c12d69\" data-element_type=\"widget\" data-widget_type=\"text-editor.default\">\n\t\t\t\t<div class=\"elementor-widget-container\">\n\t\t\t<style>\/*! elementor - v3.16.0 - 13-09-2023 *\/\n.elementor-widget-text-editor.elementor-drop-cap-view-stacked .elementor-drop-cap{background-color:#69727d;color:#fff}.elementor-widget-text-editor.elementor-drop-cap-view-framed .elementor-drop-cap{color:#69727d;border:3px solid;background-color:transparent}.elementor-widget-text-editor:not(.elementor-drop-cap-view-default) .elementor-drop-cap{margin-top:8px}.elementor-widget-text-editor:not(.elementor-drop-cap-view-default) .elementor-drop-cap-letter{width:1em;height:1em}.elementor-widget-text-editor .elementor-drop-cap{float:left;text-align:center;line-height:1;font-size:50px}.elementor-widget-text-editor .elementor-drop-cap-letter{display:inline-block}<\/style>\t\t\t\t<p><!-- wp:paragraph --><\/p>\n<p><strong>\u00a0<\/strong><\/p>\n<h1><strong><span style=\"vertical-align: inherit;\"><span style=\"vertical-align: inherit;\">\u00a0<\/span><\/span><\/strong><\/h1>\n<h1><strong><span style=\"vertical-align: inherit;\"><span style=\"vertical-align: inherit;\">\u00a0<\/span><\/span><\/strong><\/h1>\n<h1><strong><span style=\"vertical-align: inherit;\"><span style=\"vertical-align: inherit;\">AVISO DE PRIVACIDAD<\/span><\/span><\/strong><\/h1>\n<p><strong style=\"font-style: inherit; background-color: var(--ast-global-color-5); color: var(--ast-global-color-3);\"><span style=\"vertical-align: inherit;\"><span style=\"vertical-align: inherit;\">MEDICAL INFORMATION<\/span><\/span><\/strong><\/p>\n<p><!-- \/wp:paragraph --><\/p>\n<p><!-- wp:paragraph --><\/p>\n<p><span style=\"vertical-align: inherit;\"><span style=\"vertical-align: inherit;\">No es la intenci\u00f3n de VISANI\u00ae proporcionar asesoramiento m\u00e9dico espec\u00edfico, sino facilitar a los usuarios la informaci\u00f3n necesaria para comprender mejor su salud y los trastornos diagnosticados. No se suministrar\u00e1 asesoramiento m\u00e9dico espec\u00edfico y VISANI\u00ae le recomienda consultar con un m\u00e9dico calificado para obtener un diagn\u00f3stico y responder a sus preguntas personales.<\/span><\/span><\/p>\n<p><!-- \/wp:paragraph --><\/p>\n<p><!-- wp:paragraph --><\/p>\n<p><strong><span style=\"vertical-align: inherit;\"><span style=\"vertical-align: inherit;\">ENLACES EXTERNOS<\/span><\/span><\/strong><\/p>\n<p><!-- \/wp:paragraph --><\/p>\n<p><!-- wp:paragraph --><\/p>\n<p><span style=\"vertical-align: inherit;\"><span style=\"vertical-align: inherit;\">VISANI\u00ae puede proporcionar enlaces a otras p\u00e1ginas de Internet s\u00f3lo para la comodidad de los usuarios. VISANI\u00ae no es responsable por la disponibilidad o el contenido de estos portales externos, ni respalda, autoriza o garantiza los productos, servicios o informaci\u00f3n descritos u ofrecidos en otros portales de Internet. Es responsabilidad del usuario examinar las restricciones de concesi\u00f3n de los derechos de autor y de las licencias de las p\u00e1ginas enlazadas y de asegurar todos los permisos necesarios.<\/span><\/span><\/p>\n<p><!-- \/wp:paragraph --><\/p>\n<p><!-- wp:paragraph --><\/p>\n<p><strong><span style=\"vertical-align: inherit;\"><span style=\"vertical-align: inherit;\">RESPONSABILIDAD<\/span><\/span><\/strong><\/p>\n<p><!-- \/wp:paragraph --><\/p>\n<p><!-- wp:paragraph --><\/p>\n<p><span style=\"vertical-align: inherit;\"><span style=\"vertical-align: inherit;\">Con relaci\u00f3n al fundamento legal esta p\u00e1gina web no responsabiliza, no garantiza ni asume ninguna responsabilidad legal o de cualquier otro tipo por la exactitud, car\u00e1cter integral o la utilidad de cualquier informaci\u00f3n, mecanismo, producto, o proceso divulgado, de acuerdo a los art\u00edculos: Art\u00edculo 2 fracci\u00f3n II, VII, 16 del Reglamento de la Ley General de Salud en Materia de Salud.<\/span><\/span><\/p>\n<p><!-- \/wp:paragraph --><\/p>\n<p><!-- wp:paragraph --><\/p>\n<p><strong><span style=\"vertical-align: inherit;\"><span style=\"vertical-align: inherit;\">AVISO DE USO DE IMAGENES<\/span><\/span><\/strong><\/p>\n<p><!-- \/wp:paragraph --><\/p>\n<p><!-- wp:paragraph --><\/p>\n<p><span style=\"vertical-align: inherit;\"><span style=\"vertical-align: inherit;\">Para la producci\u00f3n y muestra de las im\u00e1genes en formato GIF, O cualquier otra que aparezca en esta web, son de denominaci\u00f3n gen\u00e9ricas y se obtienen de manera legal de un banco de im\u00e1genes, por lo que las personas que aparecen en ellas no podr\u00e1n solicitar el uso de regal\u00edas por motivos de imagen.<\/span><\/span><\/p>\n<p><!-- \/wp:paragraph --><\/p>\t\t\t\t\t\t<\/div>\n\t\t\t\t<\/div>\n\t\t\t\t\t<\/div>\n\t\t<\/div>\n\t\t\t\t\t\t\t<\/div>\n\t\t<\/section>\n\t\t\t\t\t\t\t<\/div>","protected":false},"excerpt":{"rendered":"<p>\u00a0 \u00a0 \u00a0 AVISO DE PRIVACIDAD INFORMACI\u00d3N M\u00c9DICA No es la intenci\u00f3n de VISANI\u00ae proporcionar asesoramiento m\u00e9dico espec\u00edfico, sino facilitar a los usuarios la informaci\u00f3n necesaria para comprender mejor su salud y los trastornos diagnosticados. No se suministrar\u00e1 asesoramiento m\u00e9dico espec\u00edfico y VISANI\u00ae le recomienda consultar con un m\u00e9dico calificado para obtener un diagn\u00f3stico y &hellip;<\/p>\n<p class=\"read-more\"> <a class=\"\" href=\"https:\/\/visani.com.mx\/en\/aviso-de-privacidad\/\"> <span class=\"screen-reader-text\">AVISO DE PRIVACIDAD<\/span> Read More &raquo;<\/a><\/p>","protected":false},"author":1,"featured_media":0,"parent":0,"menu_order":0,"comment_status":"closed","ping_status":"closed","template":"","meta":{"_uag_custom_page_level_css":"","site-sidebar-layout":"default","site-content-layout":"","ast-site-content-layout":"default","site-content-style":"default","site-sidebar-style":"default","ast-global-header-display":"","ast-banner-title-visibility":"","ast-main-header-display":"","ast-hfb-above-header-display":"","ast-hfb-below-header-display":"","ast-hfb-mobile-header-display":"","site-post-title":"","ast-breadcrumbs-content":"","ast-featured-img":"","footer-sml-layout":"","theme-transparent-header-meta":"","adv-header-id-meta":"","stick-header-meta":"","header-above-stick-meta":"","header-main-stick-meta":"","header-below-stick-meta":"","astra-migrate-meta-layouts":"set","footnotes":""},"uagb_featured_image_src":{"full":false,"thumbnail":false,"medium":false,"medium_large":false,"large":false,"1536x1536":false,"2048x2048":false,"trp-custom-language-flag":false},"uagb_author_info":{"display_name":"admin","author_link":"https:\/\/visani.com.mx\/en\/author\/admin\/"},"uagb_comment_info":0,"uagb_excerpt":"\u00a0 \u00a0 \u00a0 AVISO DE PRIVACIDAD INFORMACI\u00d3N M\u00c9DICA No es la intenci\u00f3n de VISANI\u00ae proporcionar asesoramiento m\u00e9dico espec\u00edfico, sino facilitar a los usuarios la informaci\u00f3n necesaria para comprender mejor su salud y los trastornos diagnosticados. No se suministrar\u00e1 asesoramiento m\u00e9dico espec\u00edfico y VISANI\u00ae le recomienda consultar con un m\u00e9dico calificado para obtener un diagn\u00f3stico y&hellip;","_links":{"self":[{"href":"https:\/\/visani.com.mx\/en\/wp-json\/wp\/v2\/pages\/3718"}],"collection":[{"href":"https:\/\/visani.com.mx\/en\/wp-json\/wp\/v2\/pages"}],"about":[{"href":"https:\/\/visani.com.mx\/en\/wp-json\/wp\/v2\/types\/page"}],"author":[{"embeddable":true,"href":"https:\/\/visani.com.mx\/en\/wp-json\/wp\/v2\/users\/1"}],"replies":[{"embeddable":true,"href":"https:\/\/visani.com.mx\/en\/wp-json\/wp\/v2\/comments?post=3718"}],"version-history":[{"count":0,"href":"https:\/\/visani.com.mx\/en\/wp-json\/wp\/v2\/pages\/3718\/revisions"}],"wp:attachment":[{"href":"https:\/\/visani.com.mx\/en\/wp-json\/wp\/v2\/media?parent=3718"}],"curies":[{"name":"wp","href":"https:\/\/api.w.org\/{rel}","templated":true}]}}