{"id":1488,"date":"2023-07-07T06:18:06","date_gmt":"2023-07-07T06:18:06","guid":{"rendered":"http:\/\/visani.com.mx\/?page_id=1488"},"modified":"2026-03-12T15:19:37","modified_gmt":"2026-03-12T15:19:37","slug":"celulas-madre","status":"publish","type":"page","link":"https:\/\/visani.com.mx\/en\/","title":{"rendered":"STEM CELLS"},"content":{"rendered":"<div data-elementor-type=\"wp-page\" data-elementor-id=\"1488\" class=\"elementor elementor-1488\">\n\t\t\t\t\t\t\t\t\t<section class=\"elementor-section elementor-top-section elementor-element elementor-element-ccbbd8f elementor-section-height-min-height elementor-section-content-middle elementor-section-full_width elementor-section-height-default elementor-section-items-middle wpr-particle-no wpr-jarallax-no wpr-parallax-no wpr-sticky-section-no\" data-id=\"ccbbd8f\" data-element_type=\"section\" data-settings=\"{&quot;background_background&quot;:&quot;gradient&quot;}\">\n\t\t\t\t\t\t<div class=\"elementor-container elementor-column-gap-custom\">\n\t\t\t\t\t<div class=\"elementor-column elementor-col-50 elementor-top-column elementor-element elementor-element-3dfe54f\" data-id=\"3dfe54f\" data-element_type=\"column\">\n\t\t\t<div class=\"elementor-widget-wrap elementor-element-populated\">\n\t\t\t\t\t\t\t\t<div class=\"elementor-element elementor-element-719874f elementor-widget elementor-widget-heading\" data-id=\"719874f\" data-element_type=\"widget\" data-widget_type=\"heading.default\">\n\t\t\t\t<div class=\"elementor-widget-container\">\n\t\t\t<style>\/*! elementor - v3.16.0 - 13-09-2023 *\/\n.elementor-heading-title{padding:0;margin:0;line-height:1}.elementor-widget-heading .elementor-heading-title[class*=elementor-size-]>a{color:inherit;font-size:inherit;line-height:inherit}.elementor-widget-heading .elementor-heading-title.elementor-size-small{font-size:15px}.elementor-widget-heading .elementor-heading-title.elementor-size-medium{font-size:19px}.elementor-widget-heading .elementor-heading-title.elementor-size-large{font-size:29px}.elementor-widget-heading .elementor-heading-title.elementor-size-xl{font-size:39px}.elementor-widget-heading .elementor-heading-title.elementor-size-xxl{font-size:59px}<\/style><h3 class=\"elementor-heading-title elementor-size-default\">Welcome to VISANI\u00ae<\/h3>\t\t<\/div>\n\t\t\t\t<\/div>\n\t\t\t\t<div class=\"elementor-element elementor-element-9a82c9d elementor-widget elementor-widget-heading\" data-id=\"9a82c9d\" data-element_type=\"widget\" data-widget_type=\"heading.default\">\n\t\t\t\t<div class=\"elementor-widget-container\">\n\t\t\t<h1 class=\"elementor-heading-title elementor-size-xl\">Specialty Medicine Centers That Include Stem Cell Treatments and\/or Stem Cell-Derived Exosomes<\/h1>\t\t<\/div>\n\t\t\t\t<\/div>\n\t\t\t\t<div class=\"elementor-element elementor-element-264c57e elementor-widget elementor-widget-heading\" data-id=\"264c57e\" data-element_type=\"widget\" data-widget_type=\"heading.default\">\n\t\t\t\t<div class=\"elementor-widget-container\">\n\t\t\t<h2 class=\"elementor-heading-title elementor-size-small\">Stem Cell and\/or Stem Cell-Derived Exosome Treatment - Wellness &amp; Anti-Aging Medicine - Sports Medicine - Ophthalmology - Neurology &amp; Neurosurgery - Traumatology &amp; Orthopedics - Cardiology &amp; Cardiovascular Surgery - Plastic Surgery -Gastroenterology and General Surgery - Pediatrics and Pediatric Surgery - Anesthesiology and Pain Clinic - Internal Medicine - Pulmonology - Endocrinology - Rheumatology - Urology - Dermatology - Immunological and Autoimmune Diseases - Inflammatory Diseases - Maxillofacial Surgery and Dentistry.<\/h2>\t\t<\/div>\n\t\t\t\t<\/div>\n\t\t\t\t<div class=\"elementor-element elementor-element-da74440 elementor-widget__width-auto elementor-mobile-align-justify elementor-widget-mobile__width-inherit elementor-widget elementor-widget-button\" data-id=\"da74440\" data-element_type=\"widget\" data-widget_type=\"button.default\">\n\t\t\t\t<div class=\"elementor-widget-container\">\n\t\t\t\t\t<div class=\"elementor-button-wrapper\">\n\t\t\t<a class=\"elementor-button elementor-button-link elementor-size-sm\" href=\"https:\/\/wa.me\/522212485064\">\n\t\t\t\t\t\t<span class=\"elementor-button-content-wrapper\">\n\t\t\t\t\t\t<span class=\"elementor-button-text\">Make an Appointment <\/span>\n\t\t<\/span>\n\t\t\t\t\t<\/a>\n\t\t<\/div>\n\t\t\t\t<\/div>\n\t\t\t\t<\/div>\n\t\t\t\t\t<\/div>\n\t\t<\/div>\n\t\t\t\t<div class=\"elementor-column elementor-col-50 elementor-top-column elementor-element elementor-element-0b17895\" data-id=\"0b17895\" data-element_type=\"column\">\n\t\t\t<div class=\"elementor-widget-wrap elementor-element-populated\">\n\t\t\t\t\t\t\t\t<div class=\"elementor-element elementor-element-b41eb5d elementor-widget elementor-widget-image\" data-id=\"b41eb5d\" data-element_type=\"widget\" data-widget_type=\"image.default\">\n\t\t\t\t<div class=\"elementor-widget-container\">\n\t\t\t<style>\/*! elementor - v3.16.0 - 13-09-2023 *\/\n.elementor-widget-image{text-align:center}.elementor-widget-image a{display:inline-block}.elementor-widget-image a img[src$=\".svg\"]{width:48px}.elementor-widget-image img{vertical-align:middle;display:inline-block}<\/style>\t\t\t\t\t\t\t\t\t\t\t\t<img decoding=\"async\" loading=\"lazy\" width=\"1080\" height=\"1080\" src=\"https:\/\/visani.com.mx\/wp-content\/uploads\/2023\/06\/STOCK.png\" class=\"attachment-full size-full wp-image-17\" alt=\"\" srcset=\"https:\/\/visani.com.mx\/wp-content\/uploads\/2023\/06\/STOCK.png 1080w, https:\/\/visani.com.mx\/wp-content\/uploads\/2023\/06\/STOCK-300x300.png 300w, https:\/\/visani.com.mx\/wp-content\/uploads\/2023\/06\/STOCK-1024x1024.png 1024w, https:\/\/visani.com.mx\/wp-content\/uploads\/2023\/06\/STOCK-150x150.png 150w, https:\/\/visani.com.mx\/wp-content\/uploads\/2023\/06\/STOCK-768x768.png 768w\" sizes=\"(max-width: 1080px) 100vw, 1080px\" \/>\t\t\t\t\t\t\t\t\t\t\t\t\t\t\t<\/div>\n\t\t\t\t<\/div>\n\t\t\t\t\t<\/div>\n\t\t<\/div>\n\t\t\t\t\t\t\t<\/div>\n\t\t<\/section>\n\t\t\t\t<section class=\"elementor-section elementor-top-section elementor-element elementor-element-e295bff elementor-section-boxed elementor-section-height-default elementor-section-height-default wpr-particle-no wpr-jarallax-no wpr-parallax-no wpr-sticky-section-no\" data-id=\"e295bff\" data-element_type=\"section\">\n\t\t\t\t\t\t<div class=\"elementor-container elementor-column-gap-default\">\n\t\t\t\t\t<div class=\"elementor-column elementor-col-100 elementor-top-column elementor-element elementor-element-daada34\" data-id=\"daada34\" data-element_type=\"column\">\n\t\t\t<div class=\"elementor-widget-wrap elementor-element-populated\">\n\t\t\t\t\t\t\t\t<div class=\"elementor-element elementor-element-d25447d elementor-widget elementor-widget-shortcode\" data-id=\"d25447d\" data-element_type=\"widget\" data-widget_type=\"shortcode.default\">\n\t\t\t\t<div class=\"elementor-widget-container\">\n\t\t\t\t\t<div class=\"elementor-shortcode\"><div id=\"languagePopup\" style=\"display:none;position:fixed;width:100%;height:100%;top:0;left:0;background-color:rgba(0,0,0,0.5);\">\n  <div style=\"background-color:#fff;margin:15% auto;padding:20px;width:30%;\">\n    <h2>Seleccione su idioma \/ Select your language<\/h2>\n    <div class=\"trp_language_switcher_shortcode\">\n<div class=\"trp-language-switcher trp-language-switcher-container\" data-no-translation>\n    <div class=\"trp-ls-shortcode-current-language\">\n        <a href=\"#\" class=\"trp-ls-shortcode-disabled-language trp-ls-disabled-language\" title=\"English\" onclick=\"event.preventDefault()\">\n\t\t\t<img decoding=\"async\" loading=\"lazy\" class=\"trp-flag-image\" src=\"https:\/\/visani.com.mx\/wp-content\/plugins\/translatepress-multilingual\/assets\/images\/flags\/en_US.png\" width=\"18\" height=\"12\" alt=\"en_US\" title=\"English\"> English\t\t<\/a>\n    <\/div>\n    <div class=\"trp-ls-shortcode-language\">\n                <a href=\"#\" class=\"trp-ls-shortcode-disabled-language trp-ls-disabled-language\"  title=\"English\" onclick=\"event.preventDefault()\">\n\t\t\t<img decoding=\"async\" loading=\"lazy\" class=\"trp-flag-image\" src=\"https:\/\/visani.com.mx\/wp-content\/plugins\/translatepress-multilingual\/assets\/images\/flags\/en_US.png\" width=\"18\" height=\"12\" alt=\"en_US\" title=\"English\"> English\t\t<\/a>\n                    <a href=\"https:\/\/visani.com.mx\/wp-json\/wp\/v2\/pages\/1488\/\" title=\"Espa\u00f1ol de M\u00e9xico\">\n            <img decoding=\"async\" loading=\"lazy\" class=\"trp-flag-image\" src=\"https:\/\/visani.com.mx\/wp-content\/plugins\/translatepress-multilingual\/assets\/images\/flags\/es_MX.png\" width=\"18\" height=\"12\" alt=\"es_MX\" title=\"Espa\u00f1ol de M\u00e9xico\"> Espa\u00f1ol de M\u00e9xico        <\/a>\n\n        <\/div>\n    <script type=\"application\/javascript\">\n        \/\/ need to have the same with set from JS on both divs. Otherwise it can push stuff around in HTML\n        var trp_ls_shortcodes = document.querySelectorAll('.trp_language_switcher_shortcode .trp-language-switcher');\n        if ( trp_ls_shortcodes.length > 0) {\n            \/\/ get the last language switcher added\n            var trp_el = trp_ls_shortcodes[trp_ls_shortcodes.length - 1];\n\n            var trp_shortcode_language_item = trp_el.querySelector( '.trp-ls-shortcode-language' )\n            \/\/ set width\n            var trp_ls_shortcode_width                                               = trp_shortcode_language_item.offsetWidth + 16;\n            trp_shortcode_language_item.style.width                                  = trp_ls_shortcode_width + 'px';\n            trp_el.querySelector( '.trp-ls-shortcode-current-language' ).style.width = trp_ls_shortcode_width + 'px';\n\n            \/\/ We're putting this on display: none after we have its width.\n            trp_shortcode_language_item.style.display = 'none';\n        }\n    <\/script>\n<\/div>\n<\/div>\n  <\/div>\n<\/div>\n<script>\nwindow.onload = function() {\n  var popupTimestamp = localStorage.getItem('popupTimestamp');\n  var oneWeekAgo = Date.now() - (7 * 24 * 60 * 60 * 1000);\n  \n  if(!popupTimestamp || popupTimestamp < oneWeekAgo) {\n    document.getElementById('languagePopup').style.display = 'block';\n    localStorage.setItem('popupTimestamp', Date.now());\n  }\n}\n<\/script><\/div>\n\t\t\t\t<\/div>\n\t\t\t\t<\/div>\n\t\t\t\t\t<\/div>\n\t\t<\/div>\n\t\t\t\t\t\t\t<\/div>\n\t\t<\/section>\n\t\t\t\t\t\t\t<\/div>","protected":false},"excerpt":{"rendered":"<p>Bienvenidos a VISANI\u00ae Centros de Medicina Especializada que Incluyen Tratamientos con C\u00e9lulas Madre y\/o Exosomas Derivados de C\u00e9lulas Madre Tratamiento con C\u00e9lulas Madre y\/o Exosomas Derivados de C\u00e9lulas Madre &#8211; Medicina de Bienestar y Antienvejecimiento &#8211; Medicina Deportiva &#8211; Oftalmolog\u00eda &#8211; Neurolog\u00eda y Neurocirug\u00eda &#8211; Traumatolog\u00eda y Ortopedia &#8211; Cardiolog\u00eda y Cirug\u00eda Cardiovascular &#8211; Cirug\u00eda &hellip;<\/p>\n<p class=\"read-more\"> <a class=\"\" href=\"https:\/\/visani.com.mx\/en\/\"> <span class=\"screen-reader-text\">STEM CELLS<\/span> Read More &raquo;<\/a><\/p>","protected":false},"author":1,"featured_media":0,"parent":0,"menu_order":0,"comment_status":"closed","ping_status":"closed","template":"","meta":{"_uag_custom_page_level_css":"","site-sidebar-layout":"no-sidebar","site-content-layout":"page-builder","ast-site-content-layout":"full-width-container","site-content-style":"unboxed","site-sidebar-style":"unboxed","ast-global-header-display":"","ast-banner-title-visibility":"","ast-main-header-display":"","ast-hfb-above-header-display":"","ast-hfb-below-header-display":"","ast-hfb-mobile-header-display":"","site-post-title":"disabled","ast-breadcrumbs-content":"","ast-featured-img":"disabled","footer-sml-layout":"","theme-transparent-header-meta":"enabled","adv-header-id-meta":"","stick-header-meta":"","header-above-stick-meta":"","header-main-stick-meta":"","header-below-stick-meta":"","astra-migrate-meta-layouts":"set","footnotes":""},"uagb_featured_image_src":{"full":false,"thumbnail":false,"medium":false,"medium_large":false,"large":false,"1536x1536":false,"2048x2048":false,"trp-custom-language-flag":false},"uagb_author_info":{"display_name":"admin","author_link":"https:\/\/visani.com.mx\/en\/author\/admin\/"},"uagb_comment_info":0,"uagb_excerpt":"Bienvenidos a VISANI\u00ae Centros de Medicina Especializada que Incluyen Tratamientos con C\u00e9lulas Madre y\/o Exosomas Derivados de C\u00e9lulas Madre Tratamiento con C\u00e9lulas Madre y\/o Exosomas Derivados de C\u00e9lulas Madre &#8211; Medicina de Bienestar y Antienvejecimiento &#8211; Medicina Deportiva &#8211; Oftalmolog\u00eda &#8211; Neurolog\u00eda y Neurocirug\u00eda &#8211; Traumatolog\u00eda y Ortopedia &#8211; Cardiolog\u00eda y Cirug\u00eda Cardiovascular &#8211; Cirug\u00eda&hellip;","_links":{"self":[{"href":"https:\/\/visani.com.mx\/en\/wp-json\/wp\/v2\/pages\/1488"}],"collection":[{"href":"https:\/\/visani.com.mx\/en\/wp-json\/wp\/v2\/pages"}],"about":[{"href":"https:\/\/visani.com.mx\/en\/wp-json\/wp\/v2\/types\/page"}],"author":[{"embeddable":true,"href":"https:\/\/visani.com.mx\/en\/wp-json\/wp\/v2\/users\/1"}],"replies":[{"embeddable":true,"href":"https:\/\/visani.com.mx\/en\/wp-json\/wp\/v2\/comments?post=1488"}],"version-history":[{"count":13,"href":"https:\/\/visani.com.mx\/en\/wp-json\/wp\/v2\/pages\/1488\/revisions"}],"predecessor-version":[{"id":5695,"href":"https:\/\/visani.com.mx\/en\/wp-json\/wp\/v2\/pages\/1488\/revisions\/5695"}],"wp:attachment":[{"href":"https:\/\/visani.com.mx\/en\/wp-json\/wp\/v2\/media?parent=1488"}],"curies":[{"name":"wp","href":"https:\/\/api.w.org\/{rel}","templated":true}]}}